{"id":16,"date":"2023-09-11T20:35:19","date_gmt":"2023-09-11T17:35:19","guid":{"rendered":"https:\/\/karasu.tv\/?page_id=16"},"modified":"2025-04-18T12:00:34","modified_gmt":"2025-04-18T09:00:34","slug":"canli-yayin","status":"publish","type":"page","link":"https:\/\/karasu.tv\/index.php\/canli-yayin","title":{"rendered":"Canl\u0131 Yay\u0131n"},"content":{"rendered":"<p>Karasu TV Canl\u0131 Yay\u0131n &#8211; Karasu&#8217;dan 24 Saat \u0130nteraktif Haber<\/p>\n<p><center><iframe loading=\"lazy\" src=\"https:\/\/ip100.radyotelekomtv.com\/hybrid-stream-video-widget\/karasutv\" width=\"1920\" height=\"600\" frameborder=\"0\" allowfullscreen=\"allowfullscreen\"><span data-mce-type=\"bookmark\" style=\"display: inline-block; width: 0px; overflow: hidden; line-height: 0;\" class=\"mce_SELRES_start\">\ufeff<\/span><\/iframe><\/center><\/p>\n","protected":false},"excerpt":{"rendered":"<p>Karasu TV Canl\u0131 Yay\u0131n &#8211; Karasu&#8217;dan 24 Saat \u0130nteraktif Haber \ufeff<\/p>\n","protected":false},"author":1,"featured_media":0,"parent":0,"menu_order":1,"comment_status":"closed","ping_status":"closed","template":"","meta":{"footnotes":""},"class_list":["post-16","page","type-page","status-publish","hentry"],"_links":{"self":[{"href":"https:\/\/karasu.tv\/index.php\/wp-json\/wp\/v2\/pages\/16","targetHints":{"allow":["GET"]}}],"collection":[{"href":"https:\/\/karasu.tv\/index.php\/wp-json\/wp\/v2\/pages"}],"about":[{"href":"https:\/\/karasu.tv\/index.php\/wp-json\/wp\/v2\/types\/page"}],"author":[{"embeddable":true,"href":"https:\/\/karasu.tv\/index.php\/wp-json\/wp\/v2\/users\/1"}],"replies":[{"embeddable":true,"href":"https:\/\/karasu.tv\/index.php\/wp-json\/wp\/v2\/comments?post=16"}],"version-history":[{"count":25,"href":"https:\/\/karasu.tv\/index.php\/wp-json\/wp\/v2\/pages\/16\/revisions"}],"predecessor-version":[{"id":775,"href":"https:\/\/karasu.tv\/index.php\/wp-json\/wp\/v2\/pages\/16\/revisions\/775"}],"wp:attachment":[{"href":"https:\/\/karasu.tv\/index.php\/wp-json\/wp\/v2\/media?parent=16"}],"curies":[{"name":"wp","href":"https:\/\/api.w.org\/{rel}","templated":true}]}}