{"id":24,"date":"2023-09-11T20:40:08","date_gmt":"2023-09-11T17:40:08","guid":{"rendered":"https:\/\/karasu.tv\/?page_id=24"},"modified":"2025-08-04T17:49:51","modified_gmt":"2025-08-04T14:49:51","slug":"karasu-ilce-jandarma-komutanligi","status":"publish","type":"page","link":"https:\/\/karasu.tv\/index.php\/karasu-ilce-jandarma-komutanligi","title":{"rendered":"Karasu \u0130l\u00e7e Jandarma Komutanl\u0131\u011f\u0131"},"content":{"rendered":"<p>\u0130l\u00e7e Jandarma Komutanl\u0131\u011f\u0131 &#8211; Jandarma Komutan\u0131 J. \u00dcste\u011fmen Onur YALDIRAK<br \/>\nYal\u0131 Mahallesi Ankara Caddesi &#8211; 0 264 718 10 09<\/p>\n","protected":false},"excerpt":{"rendered":"<p>\u0130l\u00e7e Jandarma Komutanl\u0131\u011f\u0131 &#8211; Jandarma Komutan\u0131 J. \u00dcste\u011fmen Onur YALDIRAK Yal\u0131 Mahallesi Ankara Caddesi &#8211; 0 264 718 10 09<\/p>\n","protected":false},"author":1,"featured_media":0,"parent":0,"menu_order":3,"comment_status":"closed","ping_status":"closed","template":"","meta":{"footnotes":""},"class_list":["post-24","page","type-page","status-publish","hentry"],"_links":{"self":[{"href":"https:\/\/karasu.tv\/index.php\/wp-json\/wp\/v2\/pages\/24","targetHints":{"allow":["GET"]}}],"collection":[{"href":"https:\/\/karasu.tv\/index.php\/wp-json\/wp\/v2\/pages"}],"about":[{"href":"https:\/\/karasu.tv\/index.php\/wp-json\/wp\/v2\/types\/page"}],"author":[{"embeddable":true,"href":"https:\/\/karasu.tv\/index.php\/wp-json\/wp\/v2\/users\/1"}],"replies":[{"embeddable":true,"href":"https:\/\/karasu.tv\/index.php\/wp-json\/wp\/v2\/comments?post=24"}],"version-history":[{"count":4,"href":"https:\/\/karasu.tv\/index.php\/wp-json\/wp\/v2\/pages\/24\/revisions"}],"predecessor-version":[{"id":838,"href":"https:\/\/karasu.tv\/index.php\/wp-json\/wp\/v2\/pages\/24\/revisions\/838"}],"wp:attachment":[{"href":"https:\/\/karasu.tv\/index.php\/wp-json\/wp\/v2\/media?parent=24"}],"curies":[{"name":"wp","href":"https:\/\/api.w.org\/{rel}","templated":true}]}}