{"id":26,"date":"2023-09-11T20:41:02","date_gmt":"2023-09-11T17:41:02","guid":{"rendered":"https:\/\/karasu.tv\/?page_id=26"},"modified":"2025-08-04T17:50:22","modified_gmt":"2025-08-04T14:50:22","slug":"karasu-ilce-emniyet-mudurlugu","status":"publish","type":"page","link":"https:\/\/karasu.tv\/index.php\/karasu-ilce-emniyet-mudurlugu","title":{"rendered":"Karasu \u0130l\u00e7e Emniyet M\u00fcd\u00fcrl\u00fc\u011f\u00fc"},"content":{"rendered":"<p>Karasu \u0130l\u00e7e Emniyet M\u00fcd\u00fcrl\u00fc\u011f\u00fc &#8211; Y\u0131lmaz DEM\u0130REL ( Karasu \u0130l\u00e7e Emniyet M\u00fcd\u00fcr\u00fc ) 0 (264) 718 11 52<br \/>\n\u0130ncilli Mah.Karakol Caddesi No:2011 5400<\/p>\n<p>\u0130l\u00e7e Polis Merkezi<\/p>\n","protected":false},"excerpt":{"rendered":"<p>Karasu \u0130l\u00e7e Emniyet M\u00fcd\u00fcrl\u00fc\u011f\u00fc &#8211; Y\u0131lmaz DEM\u0130REL ( Karasu \u0130l\u00e7e Emniyet M\u00fcd\u00fcr\u00fc ) 0 (264) 718 11 52 \u0130ncilli Mah.Karakol Caddesi No:2011 5400 \u0130l\u00e7e Polis Merkezi<\/p>\n","protected":false},"author":1,"featured_media":0,"parent":0,"menu_order":4,"comment_status":"closed","ping_status":"closed","template":"","meta":{"footnotes":""},"class_list":["post-26","page","type-page","status-publish","hentry"],"_links":{"self":[{"href":"https:\/\/karasu.tv\/index.php\/wp-json\/wp\/v2\/pages\/26","targetHints":{"allow":["GET"]}}],"collection":[{"href":"https:\/\/karasu.tv\/index.php\/wp-json\/wp\/v2\/pages"}],"about":[{"href":"https:\/\/karasu.tv\/index.php\/wp-json\/wp\/v2\/types\/page"}],"author":[{"embeddable":true,"href":"https:\/\/karasu.tv\/index.php\/wp-json\/wp\/v2\/users\/1"}],"replies":[{"embeddable":true,"href":"https:\/\/karasu.tv\/index.php\/wp-json\/wp\/v2\/comments?post=26"}],"version-history":[{"count":5,"href":"https:\/\/karasu.tv\/index.php\/wp-json\/wp\/v2\/pages\/26\/revisions"}],"predecessor-version":[{"id":839,"href":"https:\/\/karasu.tv\/index.php\/wp-json\/wp\/v2\/pages\/26\/revisions\/839"}],"wp:attachment":[{"href":"https:\/\/karasu.tv\/index.php\/wp-json\/wp\/v2\/media?parent=26"}],"curies":[{"name":"wp","href":"https:\/\/api.w.org\/{rel}","templated":true}]}}