{"id":37,"date":"2023-09-11T21:04:14","date_gmt":"2023-09-11T18:04:14","guid":{"rendered":"https:\/\/karasu.tv\/?page_id=37"},"modified":"2023-09-11T21:07:06","modified_gmt":"2023-09-11T18:07:06","slug":"karasu-kaymakamligi","status":"publish","type":"page","link":"https:\/\/karasu.tv\/index.php\/karasu-kaymakamligi","title":{"rendered":"Karasu Kaymakaml\u0131\u011f\u0131"},"content":{"rendered":"<p>Karasu Kaymakaml\u0131\u011f\u0131, Kaymakam Mehmet U\u011fur Arslan<br \/>\n\u0130leti\u015fim &#8211; 0 (264) 718 11 01<\/p>\n<p>\u0130ncilli Mah. Plaj Cad. H\u00fck\u00fcmet Kona\u011f\u0131 Kat:3 54500 Karasu \/ Sakarya<\/p>\n","protected":false},"excerpt":{"rendered":"<p>Karasu Kaymakaml\u0131\u011f\u0131, Kaymakam Mehmet U\u011fur Arslan \u0130leti\u015fim &#8211; 0 (264) 718 11 01 \u0130ncilli Mah. Plaj Cad. H\u00fck\u00fcmet Kona\u011f\u0131 Kat:3 54500 Karasu \/ Sakarya<\/p>\n","protected":false},"author":1,"featured_media":0,"parent":0,"menu_order":5,"comment_status":"closed","ping_status":"closed","template":"","meta":{"footnotes":""},"class_list":["post-37","page","type-page","status-publish","hentry"],"_links":{"self":[{"href":"https:\/\/karasu.tv\/index.php\/wp-json\/wp\/v2\/pages\/37","targetHints":{"allow":["GET"]}}],"collection":[{"href":"https:\/\/karasu.tv\/index.php\/wp-json\/wp\/v2\/pages"}],"about":[{"href":"https:\/\/karasu.tv\/index.php\/wp-json\/wp\/v2\/types\/page"}],"author":[{"embeddable":true,"href":"https:\/\/karasu.tv\/index.php\/wp-json\/wp\/v2\/users\/1"}],"replies":[{"embeddable":true,"href":"https:\/\/karasu.tv\/index.php\/wp-json\/wp\/v2\/comments?post=37"}],"version-history":[{"count":3,"href":"https:\/\/karasu.tv\/index.php\/wp-json\/wp\/v2\/pages\/37\/revisions"}],"predecessor-version":[{"id":40,"href":"https:\/\/karasu.tv\/index.php\/wp-json\/wp\/v2\/pages\/37\/revisions\/40"}],"wp:attachment":[{"href":"https:\/\/karasu.tv\/index.php\/wp-json\/wp\/v2\/media?parent=37"}],"curies":[{"name":"wp","href":"https:\/\/api.w.org\/{rel}","templated":true}]}}